{"id":1558,"date":"2016-04-28T09:48:23","date_gmt":"2016-04-28T09:48:23","guid":{"rendered":"http:\/\/www.rackmontage.com\/?page_id=1558"},"modified":"2017-03-02T18:05:00","modified_gmt":"2017-03-02T17:05:00","slug":"karriere-german","status":"publish","type":"page","link":"https:\/\/www.rackmontage.com\/?page_id=1558&lang=de","title":{"rendered":"Karriere german"},"content":{"rendered":"[vc_row bgmode=&#8221;customimagebg&#8221; image=&#8221;1444&#8243; bgposition=&#8221;center_center&#8221; bgrepeat=&#8221;stretch&#8221; bgattachment=&#8221;fixed&#8221; padding=&#8221;custom-padding&#8221; padding_top_value=&#8221;110&#8243; padding_bottom_value=&#8221;350&#8243; sectionoverlayopacity=&#8221;0.70&#8243; video_opacity_overlay=&#8221;0.70&#8243;][vc_column][\/vc_column][\/vc_row][vc_row padding=&#8221;default-padding&#8221; sectionoverlayopacity=&#8221;0.70&#8243; video_opacity_overlay=&#8221;0.70&#8243;][vc_column][vc_row_inner][vc_column_inner][az_column_text]Die Vision unsere Firma ist leistungsf\u00e4hige logistische Systeme zu bauen. Die einzigartige Kraft unseres Unternehmens beruht auf der F\u00e4higkeit unsere Qualifikation mit den Bed\u00fcrfnissen unserer Kunden zu kombinieren.<br \/>\nUnser Mitarbeiterprogramm besteht aus Wertigkeiten wie h\u00f6he Ethik, Offenheit und Teamarbeit.<br \/>\nRespekt und Schutz sind die Grundrechte unserer Mitarbeiter und wir f\u00fchlen uns verbunden diesem zu folgen.[\/az_column_text][\/vc_column_inner][\/vc_row_inner][az_blank_divider][vc_row_inner][vc_column_inner width=&#8221;1\/2&#8243;][az_single_image image=&#8221;1237&#8243; image_mode=&#8221;img-responsive&#8221; animation_loading=&#8221;yes&#8221;][\/vc_column_inner][vc_column_inner width=&#8221;1\/2&#8243;][az_single_image image=&#8221;1325&#8243; image_mode=&#8221;img-responsive&#8221; animation_loading=&#8221;yes&#8221;][\/vc_column_inner][\/vc_row_inner][az_blank_divider][vc_row_inner][vc_column_inner][az_column_text]Ungeachtet der Lokalit\u00e4t des Projektes, unsere Verpflichtung zur Schutz der Mitarbeiter bleibt gleich. Das Pflegeprogramm der Mitarbeiter unterstreicht.<br \/>\nAls Arbeitgeber konzentrieren wir uns, die pers\u00f6nliche und professionelle Fertigkeiten und Kompetenzen unserer Mitarbeiter weiter zu entwickeln und dabei eine motivierende Arbeitsklima anzubieten.Schicke uns einfach Dein Lebenslauf, unser Team vergr\u00f6\u00dfert sich st\u00e4tig.[\/az_column_text][\/vc_column_inner][\/vc_row_inner][az_blank_divider][vc_row_inner][vc_column_inner width=&#8221;1\/2&#8243;][az_single_image image=&#8221;1239&#8243; image_mode=&#8221;img-responsive&#8221; animation_loading=&#8221;yes&#8221;][\/vc_column_inner][vc_column_inner width=&#8221;1\/2&#8243;][az_single_image image=&#8221;1341&#8243; image_mode=&#8221;img-responsive&#8221; animation_loading=&#8221;yes&#8221;][\/vc_column_inner][\/vc_row_inner][az_blank_divider][\/vc_column][\/vc_row]\n","protected":false},"excerpt":{"rendered":"<p>[vc_row bgmode=&#8221;customimagebg&#8221; image=&#8221;1444&#8243; bgposition=&#8221;center_center&#8221; bgrepeat=&#8221;stretch&#8221; bgattachment=&#8221;fixed&#8221; padding=&#8221;custom-padding&#8221; padding_top_value=&#8221;110&#8243; padding_bottom_value=&#8221;350&#8243; sectionoverlayopacity=&#8221;0.70&#8243; video_opacity_overlay=&#8221;0.70&#8243;][vc_column][\/vc_column][\/vc_row][vc_row padding=&#8221;default-padding&#8221; sectionoverlayopacity=&#8221;0.70&#8243; video_opacity_overlay=&#8221;0.70&#8243;][vc_column][vc_row_inner][vc_column_inner][az_column_text]Die Vision unsere Firma ist leistungsf\u00e4hige logistische Systeme zu bauen. Die einzigartige Kraft unseres Unternehmens beruht auf der F\u00e4higkeit unsere Qualifikation [&hellip;]<\/p>\n","protected":false},"author":5,"featured_media":0,"parent":0,"menu_order":0,"comment_status":"open","ping_status":"closed","template":"","meta":[],"_links":{"self":[{"href":"https:\/\/www.rackmontage.com\/index.php?rest_route=\/wp\/v2\/pages\/1558"}],"collection":[{"href":"https:\/\/www.rackmontage.com\/index.php?rest_route=\/wp\/v2\/pages"}],"about":[{"href":"https:\/\/www.rackmontage.com\/index.php?rest_route=\/wp\/v2\/types\/page"}],"author":[{"embeddable":true,"href":"https:\/\/www.rackmontage.com\/index.php?rest_route=\/wp\/v2\/users\/5"}],"replies":[{"embeddable":true,"href":"https:\/\/www.rackmontage.com\/index.php?rest_route=%2Fwp%2Fv2%2Fcomments&post=1558"}],"version-history":[{"count":3,"href":"https:\/\/www.rackmontage.com\/index.php?rest_route=\/wp\/v2\/pages\/1558\/revisions"}],"predecessor-version":[{"id":1618,"href":"https:\/\/www.rackmontage.com\/index.php?rest_route=\/wp\/v2\/pages\/1558\/revisions\/1618"}],"wp:attachment":[{"href":"https:\/\/www.rackmontage.com\/index.php?rest_route=%2Fwp%2Fv2%2Fmedia&parent=1558"}],"curies":[{"name":"wp","href":"https:\/\/api.w.org\/{rel}","templated":true}]}}