{"id":1551,"date":"2016-04-28T09:32:50","date_gmt":"2016-04-28T09:32:50","guid":{"rendered":"http:\/\/www.rackmontage.com\/?page_id=1551"},"modified":"2017-04-05T17:03:47","modified_gmt":"2017-04-05T16:03:47","slug":"uber-uns","status":"publish","type":"page","link":"https:\/\/www.rackmontage.com\/?page_id=1551&lang=de","title":{"rendered":"\u00dcber uns"},"content":{"rendered":"[vc_row bgmode=&#8221;customimagebg&#8221; image=&#8221;1243&#8243; bgposition=&#8221;center_center&#8221; bgrepeat=&#8221;stretch&#8221; bgattachment=&#8221;fixed&#8221; padding=&#8221;custom-padding&#8221; padding_top_value=&#8221;110&#8243; padding_bottom_value=&#8221;350&#8243; sectionoverlayopacity=&#8221;0.70&#8243; video_opacity_overlay=&#8221;0.70&#8243;][vc_column][\/vc_column][\/vc_row][vc_row padding=&#8221;default-padding&#8221; sectionoverlayopacity=&#8221;0.70&#8243; video_opacity_overlay=&#8221;0.70&#8243;][vc_column][vc_row_inner][vc_column_inner][az_column_text]Rack Montage s.r.o. bietet eine gro\u00dfe Bandbreite professionellen Montagen und Bauarbeiten, ausdr\u00fccklich im Bereich der Regal-Systemen und diversen Automatisierungen im Lager und logistischen Strukturen f\u00fcr renommierte Unternehmen. Unsere langj\u00e4hrige Erfahrung in montieren logistischen L\u00f6sungen, f\u00fchrt zu aktuellem Status der Referenz. Mit der F\u00e4higkeit die Projekte in mehr als 10 L\u00e4ndern zu realisieren, ist Rack Montage s.r.o. der richtige Partner f\u00fcr seine Kunden geworden.\u00a0 Durch Nutzen der neusten Technologien hat R.M. die unvergleichbare Wirkung, Produktivit\u00e4t und F\u00e4higkeit Probleme zu l\u00f6sen gezeigt.[\/az_column_text][\/vc_column_inner][\/vc_row_inner][\/vc_column][\/vc_row][vc_row padding=&#8221;default-padding&#8221; sectionoverlayopacity=&#8221;0.70&#8243; video_opacity_overlay=&#8221;0.70&#8243;][vc_column][vc_row_inner][vc_column_inner width=&#8221;1\/2&#8243;][az_single_image image=&#8221;1318&#8243; image_mode=&#8221;img-full-responsive&#8221; animation_loading=&#8221;yes&#8221; animation_loading_effects=&#8221;move_left&#8221;][\/vc_column_inner][vc_column_inner width=&#8221;1\/2&#8243;][az_column_text animation_loading=&#8221;yes&#8221; animation_loading_effects=&#8221;move_right&#8221;]\n<h3>Rack Montage s.r.o. \u2013 Aussage des Managers<\/h3>\n<p>\u201eIch konzentriere mich auf die Durchf\u00fchrung des Projektes im vorgegebenen Zeitraum und Budget. Ich trage die Verantwortung f\u00fcr meine Mitarbeiter, dessen Fachwissen sehr unterschiedlich ist.<\/p>\n<p>An diesem Projekt arbeiten wir zusammen mit erfahrenen und auch jungen Mitarbeitern, deren dynamisches denken zu unserem Vorteil ist.[\/az_column_text][\/vc_column_inner][\/vc_row_inner][\/vc_column][\/vc_row][vc_row bgmode=&#8221;custom&#8221; padding=&#8221;default-padding&#8221; shadow=&#8221;shadow-on&#8221; custombgcolor=&#8221;#f7f7f7&#8243;][vc_column][az_special_heading heading_type=&#8221;3&#8243; heading_color=&#8221;custom&#8221; content_heading=&#8221;Bild&#8221; custom_heading_color=&#8221;#9e9e9e&#8221;][az_column_text]\n\n\t\t<style type=\"text\/css\">\n\t\t\t#gallery-1 {\n\t\t\t\tmargin: auto;\n\t\t\t}\n\t\t\t#gallery-1 .gallery-item {\n\t\t\t\tfloat: left;\n\t\t\t\tmargin-top: 10px;\n\t\t\t\ttext-align: center;\n\t\t\t\twidth: 20%;\n\t\t\t}\n\t\t\t#gallery-1 img {\n\t\t\t\tborder: 2px solid #cfcfcf;\n\t\t\t}\n\t\t\t#gallery-1 .gallery-caption {\n\t\t\t\tmargin-left: 0;\n\t\t\t}\n\t\t\t\/* see gallery_shortcode() in wp-includes\/media.php *\/\n\t\t<\/style>\n\t\t<div id='gallery-1' class='gallery galleryid-1551 gallery-columns-5 gallery-size-thumbnail'><dl class='gallery-item'>\n\t\t\t<dt class='gallery-icon landscape'>\n\t\t\t\t<a title=\"DSC_0138_resize\" href='https:\/\/www.rackmontage.com\/wp-content\/uploads\/2016\/04\/DSC_0138_resize.jpg'><img width=\"150\" height=\"150\" src=\"https:\/\/www.rackmontage.com\/wp-content\/uploads\/2016\/04\/DSC_0138_resize-150x150.jpg\" class=\"attachment-thumbnail size-thumbnail\" alt=\"\" loading=\"lazy\" srcset=\"https:\/\/www.rackmontage.com\/wp-content\/uploads\/2016\/04\/DSC_0138_resize-150x150.jpg 150w, https:\/\/www.rackmontage.com\/wp-content\/uploads\/2016\/04\/DSC_0138_resize-400x400.jpg 400w\" sizes=\"(max-width: 150px) 100vw, 150px\" \/><\/a>\n\t\t\t<\/dt><\/dl><dl class='gallery-item'>\n\t\t\t<dt class='gallery-icon landscape'>\n\t\t\t\t<a title=\"DSC_0117_resize\" href='https:\/\/www.rackmontage.com\/wp-content\/uploads\/2016\/04\/DSC_0117_resize.jpg'><img width=\"150\" height=\"150\" src=\"https:\/\/www.rackmontage.com\/wp-content\/uploads\/2016\/04\/DSC_0117_resize-150x150.jpg\" class=\"attachment-thumbnail size-thumbnail\" alt=\"\" loading=\"lazy\" srcset=\"https:\/\/www.rackmontage.com\/wp-content\/uploads\/2016\/04\/DSC_0117_resize-150x150.jpg 150w, https:\/\/www.rackmontage.com\/wp-content\/uploads\/2016\/04\/DSC_0117_resize-400x400.jpg 400w\" sizes=\"(max-width: 150px) 100vw, 150px\" \/><\/a>\n\t\t\t<\/dt><\/dl><dl class='gallery-item'>\n\t\t\t<dt class='gallery-icon landscape'>\n\t\t\t\t<a title=\"DSC_0102_resize\" href='https:\/\/www.rackmontage.com\/wp-content\/uploads\/2016\/04\/DSC_0102_resize.jpg'><img width=\"150\" height=\"150\" src=\"https:\/\/www.rackmontage.com\/wp-content\/uploads\/2016\/04\/DSC_0102_resize-150x150.jpg\" class=\"attachment-thumbnail size-thumbnail\" alt=\"\" loading=\"lazy\" srcset=\"https:\/\/www.rackmontage.com\/wp-content\/uploads\/2016\/04\/DSC_0102_resize-150x150.jpg 150w, https:\/\/www.rackmontage.com\/wp-content\/uploads\/2016\/04\/DSC_0102_resize-400x400.jpg 400w\" sizes=\"(max-width: 150px) 100vw, 150px\" \/><\/a>\n\t\t\t<\/dt><\/dl><dl class='gallery-item'>\n\t\t\t<dt class='gallery-icon landscape'>\n\t\t\t\t<a title=\"DSC_0099_resize\" href='https:\/\/www.rackmontage.com\/wp-content\/uploads\/2016\/04\/DSC_0099_resize.jpg'><img width=\"150\" height=\"150\" src=\"https:\/\/www.rackmontage.com\/wp-content\/uploads\/2016\/04\/DSC_0099_resize-150x150.jpg\" class=\"attachment-thumbnail size-thumbnail\" alt=\"\" loading=\"lazy\" srcset=\"https:\/\/www.rackmontage.com\/wp-content\/uploads\/2016\/04\/DSC_0099_resize-150x150.jpg 150w, https:\/\/www.rackmontage.com\/wp-content\/uploads\/2016\/04\/DSC_0099_resize-400x400.jpg 400w\" sizes=\"(max-width: 150px) 100vw, 150px\" \/><\/a>\n\t\t\t<\/dt><\/dl><dl class='gallery-item'>\n\t\t\t<dt class='gallery-icon landscape'>\n\t\t\t\t<a title=\"DSC_0022_resize\" href='https:\/\/www.rackmontage.com\/wp-content\/uploads\/2016\/04\/DSC_0022_resize.jpg'><img width=\"150\" height=\"150\" src=\"https:\/\/www.rackmontage.com\/wp-content\/uploads\/2016\/04\/DSC_0022_resize-150x150.jpg\" class=\"attachment-thumbnail size-thumbnail\" alt=\"\" loading=\"lazy\" srcset=\"https:\/\/www.rackmontage.com\/wp-content\/uploads\/2016\/04\/DSC_0022_resize-150x150.jpg 150w, https:\/\/www.rackmontage.com\/wp-content\/uploads\/2016\/04\/DSC_0022_resize-400x400.jpg 400w\" sizes=\"(max-width: 150px) 100vw, 150px\" \/><\/a>\n\t\t\t<\/dt><\/dl><br style=\"clear: both\" \/><dl class='gallery-item'>\n\t\t\t<dt class='gallery-icon landscape'>\n\t\t\t\t<a title=\"DSC_0017_resize\" href='https:\/\/www.rackmontage.com\/wp-content\/uploads\/2016\/04\/DSC_0017_resize-1.jpg'><img width=\"150\" height=\"150\" src=\"https:\/\/www.rackmontage.com\/wp-content\/uploads\/2016\/04\/DSC_0017_resize-1-150x150.jpg\" class=\"attachment-thumbnail size-thumbnail\" alt=\"\" loading=\"lazy\" srcset=\"https:\/\/www.rackmontage.com\/wp-content\/uploads\/2016\/04\/DSC_0017_resize-1-150x150.jpg 150w, https:\/\/www.rackmontage.com\/wp-content\/uploads\/2016\/04\/DSC_0017_resize-1-400x400.jpg 400w\" sizes=\"(max-width: 150px) 100vw, 150px\" \/><\/a>\n\t\t\t<\/dt><\/dl><dl class='gallery-item'>\n\t\t\t<dt class='gallery-icon portrait'>\n\t\t\t\t<a title=\"DSC_0074_resize\" href='https:\/\/www.rackmontage.com\/wp-content\/uploads\/2016\/04\/DSC_0074_resize.jpg'><img width=\"150\" height=\"150\" src=\"https:\/\/www.rackmontage.com\/wp-content\/uploads\/2016\/04\/DSC_0074_resize-150x150.jpg\" class=\"attachment-thumbnail size-thumbnail\" alt=\"\" loading=\"lazy\" srcset=\"https:\/\/www.rackmontage.com\/wp-content\/uploads\/2016\/04\/DSC_0074_resize-150x150.jpg 150w, https:\/\/www.rackmontage.com\/wp-content\/uploads\/2016\/04\/DSC_0074_resize-400x400.jpg 400w\" sizes=\"(max-width: 150px) 100vw, 150px\" \/><\/a>\n\t\t\t<\/dt><\/dl><dl class='gallery-item'>\n\t\t\t<dt class='gallery-icon landscape'>\n\t\t\t\t<a title=\"DSC_0067_resize\" href='https:\/\/www.rackmontage.com\/wp-content\/uploads\/2016\/04\/DSC_0067_resize.jpg'><img width=\"150\" height=\"150\" src=\"https:\/\/www.rackmontage.com\/wp-content\/uploads\/2016\/04\/DSC_0067_resize-150x150.jpg\" class=\"attachment-thumbnail size-thumbnail\" alt=\"\" loading=\"lazy\" srcset=\"https:\/\/www.rackmontage.com\/wp-content\/uploads\/2016\/04\/DSC_0067_resize-150x150.jpg 150w, https:\/\/www.rackmontage.com\/wp-content\/uploads\/2016\/04\/DSC_0067_resize-400x400.jpg 400w\" sizes=\"(max-width: 150px) 100vw, 150px\" \/><\/a>\n\t\t\t<\/dt><\/dl><dl class='gallery-item'>\n\t\t\t<dt class='gallery-icon portrait'>\n\t\t\t\t<a title=\"DSC_0066_resize\" href='https:\/\/www.rackmontage.com\/wp-content\/uploads\/2016\/04\/DSC_0066_resize.jpg'><img width=\"150\" height=\"150\" src=\"https:\/\/www.rackmontage.com\/wp-content\/uploads\/2016\/04\/DSC_0066_resize-150x150.jpg\" class=\"attachment-thumbnail size-thumbnail\" alt=\"\" loading=\"lazy\" srcset=\"https:\/\/www.rackmontage.com\/wp-content\/uploads\/2016\/04\/DSC_0066_resize-150x150.jpg 150w, https:\/\/www.rackmontage.com\/wp-content\/uploads\/2016\/04\/DSC_0066_resize-400x400.jpg 400w\" sizes=\"(max-width: 150px) 100vw, 150px\" \/><\/a>\n\t\t\t<\/dt><\/dl><dl class='gallery-item'>\n\t\t\t<dt class='gallery-icon landscape'>\n\t\t\t\t<a title=\"IMG_0513_resize\" href='https:\/\/www.rackmontage.com\/wp-content\/uploads\/2016\/04\/IMG_0513_resize.jpg'><img width=\"150\" height=\"150\" src=\"https:\/\/www.rackmontage.com\/wp-content\/uploads\/2016\/04\/IMG_0513_resize-150x150.jpg\" class=\"attachment-thumbnail size-thumbnail\" alt=\"\" loading=\"lazy\" srcset=\"https:\/\/www.rackmontage.com\/wp-content\/uploads\/2016\/04\/IMG_0513_resize-150x150.jpg 150w, https:\/\/www.rackmontage.com\/wp-content\/uploads\/2016\/04\/IMG_0513_resize-400x400.jpg 400w\" sizes=\"(max-width: 150px) 100vw, 150px\" \/><\/a>\n\t\t\t<\/dt><\/dl><br style=\"clear: both\" \/><dl class='gallery-item'>\n\t\t\t<dt class='gallery-icon landscape'>\n\t\t\t\t<a title=\"IMG_0507_resize\" href='https:\/\/www.rackmontage.com\/wp-content\/uploads\/2016\/04\/IMG_0507_resize.jpg'><img width=\"150\" height=\"150\" src=\"https:\/\/www.rackmontage.com\/wp-content\/uploads\/2016\/04\/IMG_0507_resize-150x150.jpg\" class=\"attachment-thumbnail size-thumbnail\" alt=\"\" loading=\"lazy\" srcset=\"https:\/\/www.rackmontage.com\/wp-content\/uploads\/2016\/04\/IMG_0507_resize-150x150.jpg 150w, https:\/\/www.rackmontage.com\/wp-content\/uploads\/2016\/04\/IMG_0507_resize-400x400.jpg 400w\" sizes=\"(max-width: 150px) 100vw, 150px\" \/><\/a>\n\t\t\t<\/dt><\/dl><dl class='gallery-item'>\n\t\t\t<dt class='gallery-icon landscape'>\n\t\t\t\t<a title=\"IMG_0398_resize\" href='https:\/\/www.rackmontage.com\/wp-content\/uploads\/2016\/04\/IMG_0398_resize.jpg'><img width=\"150\" height=\"150\" src=\"https:\/\/www.rackmontage.com\/wp-content\/uploads\/2016\/04\/IMG_0398_resize-150x150.jpg\" class=\"attachment-thumbnail size-thumbnail\" alt=\"\" loading=\"lazy\" srcset=\"https:\/\/www.rackmontage.com\/wp-content\/uploads\/2016\/04\/IMG_0398_resize-150x150.jpg 150w, https:\/\/www.rackmontage.com\/wp-content\/uploads\/2016\/04\/IMG_0398_resize-400x400.jpg 400w\" sizes=\"(max-width: 150px) 100vw, 150px\" \/><\/a>\n\t\t\t<\/dt><\/dl><dl class='gallery-item'>\n\t\t\t<dt class='gallery-icon landscape'>\n\t\t\t\t<a title=\"IMG_3626_resize\" href='https:\/\/www.rackmontage.com\/wp-content\/uploads\/2016\/04\/IMG_3626_resize-1.jpg'><img width=\"150\" height=\"150\" src=\"https:\/\/www.rackmontage.com\/wp-content\/uploads\/2016\/04\/IMG_3626_resize-1-150x150.jpg\" class=\"attachment-thumbnail size-thumbnail\" alt=\"\" loading=\"lazy\" srcset=\"https:\/\/www.rackmontage.com\/wp-content\/uploads\/2016\/04\/IMG_3626_resize-1-150x150.jpg 150w, https:\/\/www.rackmontage.com\/wp-content\/uploads\/2016\/04\/IMG_3626_resize-1-400x400.jpg 400w\" sizes=\"(max-width: 150px) 100vw, 150px\" \/><\/a>\n\t\t\t<\/dt><\/dl><dl class='gallery-item'>\n\t\t\t<dt class='gallery-icon landscape'>\n\t\t\t\t<a title=\"IMG_3530_resize\" href='https:\/\/www.rackmontage.com\/wp-content\/uploads\/2016\/04\/IMG_3530_resize.jpg'><img width=\"150\" height=\"150\" src=\"https:\/\/www.rackmontage.com\/wp-content\/uploads\/2016\/04\/IMG_3530_resize-150x150.jpg\" class=\"attachment-thumbnail size-thumbnail\" alt=\"\" loading=\"lazy\" srcset=\"https:\/\/www.rackmontage.com\/wp-content\/uploads\/2016\/04\/IMG_3530_resize-150x150.jpg 150w, https:\/\/www.rackmontage.com\/wp-content\/uploads\/2016\/04\/IMG_3530_resize-400x400.jpg 400w\" sizes=\"(max-width: 150px) 100vw, 150px\" \/><\/a>\n\t\t\t<\/dt><\/dl><dl class='gallery-item'>\n\t\t\t<dt class='gallery-icon landscape'>\n\t\t\t\t<a title=\"IMG_3521_resize\" href='https:\/\/www.rackmontage.com\/wp-content\/uploads\/2016\/04\/IMG_3521_resize-1.jpg'><img width=\"150\" height=\"150\" src=\"https:\/\/www.rackmontage.com\/wp-content\/uploads\/2016\/04\/IMG_3521_resize-1-150x150.jpg\" class=\"attachment-thumbnail size-thumbnail\" alt=\"\" loading=\"lazy\" srcset=\"https:\/\/www.rackmontage.com\/wp-content\/uploads\/2016\/04\/IMG_3521_resize-1-150x150.jpg 150w, https:\/\/www.rackmontage.com\/wp-content\/uploads\/2016\/04\/IMG_3521_resize-1-400x400.jpg 400w\" sizes=\"(max-width: 150px) 100vw, 150px\" \/><\/a>\n\t\t\t<\/dt><\/dl><br style=\"clear: both\" \/><dl class='gallery-item'>\n\t\t\t<dt class='gallery-icon portrait'>\n\t\t\t\t<a title=\"20150520_115405_resize\" href='https:\/\/www.rackmontage.com\/wp-content\/uploads\/2016\/04\/20150520_115405_resize.jpg'><img width=\"150\" height=\"150\" src=\"https:\/\/www.rackmontage.com\/wp-content\/uploads\/2016\/04\/20150520_115405_resize-150x150.jpg\" class=\"attachment-thumbnail size-thumbnail\" alt=\"\" loading=\"lazy\" srcset=\"https:\/\/www.rackmontage.com\/wp-content\/uploads\/2016\/04\/20150520_115405_resize-150x150.jpg 150w, https:\/\/www.rackmontage.com\/wp-content\/uploads\/2016\/04\/20150520_115405_resize-400x400.jpg 400w\" sizes=\"(max-width: 150px) 100vw, 150px\" \/><\/a>\n\t\t\t<\/dt><\/dl><dl class='gallery-item'>\n\t\t\t<dt class='gallery-icon landscape'>\n\t\t\t\t<a title=\"IMG_0232_resize\" href='https:\/\/www.rackmontage.com\/wp-content\/uploads\/2016\/04\/IMG_0232_resize.jpg'><img width=\"150\" height=\"150\" src=\"https:\/\/www.rackmontage.com\/wp-content\/uploads\/2016\/04\/IMG_0232_resize-150x150.jpg\" class=\"attachment-thumbnail size-thumbnail\" alt=\"\" loading=\"lazy\" srcset=\"https:\/\/www.rackmontage.com\/wp-content\/uploads\/2016\/04\/IMG_0232_resize-150x150.jpg 150w, https:\/\/www.rackmontage.com\/wp-content\/uploads\/2016\/04\/IMG_0232_resize-400x400.jpg 400w\" sizes=\"(max-width: 150px) 100vw, 150px\" \/><\/a>\n\t\t\t<\/dt><\/dl><dl class='gallery-item'>\n\t\t\t<dt class='gallery-icon landscape'>\n\t\t\t\t<a title=\"IMG_0171_resize\" href='https:\/\/www.rackmontage.com\/wp-content\/uploads\/2016\/04\/IMG_0171_resize.jpg'><img width=\"150\" height=\"150\" src=\"https:\/\/www.rackmontage.com\/wp-content\/uploads\/2016\/04\/IMG_0171_resize-150x150.jpg\" class=\"attachment-thumbnail size-thumbnail\" alt=\"\" loading=\"lazy\" srcset=\"https:\/\/www.rackmontage.com\/wp-content\/uploads\/2016\/04\/IMG_0171_resize-150x150.jpg 150w, https:\/\/www.rackmontage.com\/wp-content\/uploads\/2016\/04\/IMG_0171_resize-400x400.jpg 400w\" sizes=\"(max-width: 150px) 100vw, 150px\" \/><\/a>\n\t\t\t<\/dt><\/dl><dl class='gallery-item'>\n\t\t\t<dt class='gallery-icon portrait'>\n\t\t\t\t<a title=\"Adidas 010_resize\" href='https:\/\/www.rackmontage.com\/wp-content\/uploads\/2016\/04\/Adidas-010_resize.jpg'><img width=\"150\" height=\"150\" src=\"https:\/\/www.rackmontage.com\/wp-content\/uploads\/2016\/04\/Adidas-010_resize-150x150.jpg\" class=\"attachment-thumbnail size-thumbnail\" alt=\"\" loading=\"lazy\" srcset=\"https:\/\/www.rackmontage.com\/wp-content\/uploads\/2016\/04\/Adidas-010_resize-150x150.jpg 150w, https:\/\/www.rackmontage.com\/wp-content\/uploads\/2016\/04\/Adidas-010_resize-400x400.jpg 400w\" sizes=\"(max-width: 150px) 100vw, 150px\" \/><\/a>\n\t\t\t<\/dt><\/dl><dl class='gallery-item'>\n\t\t\t<dt class='gallery-icon landscape'>\n\t\t\t\t<a title=\"OLYMPUS DIGITAL CAMERA\" href='https:\/\/www.rackmontage.com\/wp-content\/uploads\/2016\/04\/Linl-Janis-811_resize.jpg'><img width=\"150\" height=\"150\" src=\"https:\/\/www.rackmontage.com\/wp-content\/uploads\/2016\/04\/Linl-Janis-811_resize-150x150.jpg\" class=\"attachment-thumbnail size-thumbnail\" alt=\"\" loading=\"lazy\" srcset=\"https:\/\/www.rackmontage.com\/wp-content\/uploads\/2016\/04\/Linl-Janis-811_resize-150x150.jpg 150w, https:\/\/www.rackmontage.com\/wp-content\/uploads\/2016\/04\/Linl-Janis-811_resize-400x400.jpg 400w\" sizes=\"(max-width: 150px) 100vw, 150px\" \/><\/a>\n\t\t\t<\/dt><\/dl><br style=\"clear: both\" \/>\n\t\t<\/div>\n\n[\/az_column_text][\/vc_column][\/vc_row][vc_row][vc_column][\/vc_column][\/vc_row][vc_row][vc_column width=&#8221;1\/2&#8243;][az_blank_divider][az_video_container]\n<h3><span style=\"color: #999999;\">Zeitraffer<\/span><\/h3>\n[az_lightbox_video_sh image_url=&#8221;http:\/\/www.rackmontage.com\/wp-content\/uploads\/2017\/03\/casosber.jpg&#8221; thumb_width=&#8221;&#8221; link_url=&#8221;https:\/\/youtu.be\/bXIas_6gjsE&#8221; title=&#8221;&#8221; gallery_name=&#8221;&#8221; class=&#8221;&#8221;][\/az_video_container][\/vc_column][vc_column width=&#8221;1\/2&#8243;][az_blank_divider][az_video_container]\n<h3><span style=\"color: #999999;\">Lauf<\/span><\/h3>\n[az_lightbox_video_sh image_url=&#8221;http:\/\/www.rackmontage.com\/wp-content\/uploads\/2017\/03\/move.jpg&#8221; thumb_width=&#8221;&#8221; link_url=&#8221;https:\/\/youtu.be\/BD_BV-lVL58&#8243; title=&#8221;&#8221; gallery_name=&#8221;&#8221; class=&#8221;&#8221;][\/az_video_container][\/vc_column][\/vc_row]\n","protected":false},"excerpt":{"rendered":"<p>[vc_row bgmode=&#8221;customimagebg&#8221; image=&#8221;1243&#8243; bgposition=&#8221;center_center&#8221; bgrepeat=&#8221;stretch&#8221; bgattachment=&#8221;fixed&#8221; padding=&#8221;custom-padding&#8221; padding_top_value=&#8221;110&#8243; padding_bottom_value=&#8221;350&#8243; sectionoverlayopacity=&#8221;0.70&#8243; video_opacity_overlay=&#8221;0.70&#8243;][vc_column][\/vc_column][\/vc_row][vc_row padding=&#8221;default-padding&#8221; sectionoverlayopacity=&#8221;0.70&#8243; video_opacity_overlay=&#8221;0.70&#8243;][vc_column][vc_row_inner][vc_column_inner][az_column_text]Rack Montage s.r.o. bietet eine gro\u00dfe Bandbreite professionellen Montagen und Bauarbeiten, ausdr\u00fccklich im Bereich der Regal-Systemen und diversen Automatisierungen im Lager [&hellip;]<\/p>\n","protected":false},"author":5,"featured_media":0,"parent":0,"menu_order":0,"comment_status":"open","ping_status":"closed","template":"","meta":[],"_links":{"self":[{"href":"https:\/\/www.rackmontage.com\/index.php?rest_route=\/wp\/v2\/pages\/1551"}],"collection":[{"href":"https:\/\/www.rackmontage.com\/index.php?rest_route=\/wp\/v2\/pages"}],"about":[{"href":"https:\/\/www.rackmontage.com\/index.php?rest_route=\/wp\/v2\/types\/page"}],"author":[{"embeddable":true,"href":"https:\/\/www.rackmontage.com\/index.php?rest_route=\/wp\/v2\/users\/5"}],"replies":[{"embeddable":true,"href":"https:\/\/www.rackmontage.com\/index.php?rest_route=%2Fwp%2Fv2%2Fcomments&post=1551"}],"version-history":[{"count":9,"href":"https:\/\/www.rackmontage.com\/index.php?rest_route=\/wp\/v2\/pages\/1551\/revisions"}],"predecessor-version":[{"id":1908,"href":"https:\/\/www.rackmontage.com\/index.php?rest_route=\/wp\/v2\/pages\/1551\/revisions\/1908"}],"wp:attachment":[{"href":"https:\/\/www.rackmontage.com\/index.php?rest_route=%2Fwp%2Fv2%2Fmedia&parent=1551"}],"curies":[{"name":"wp","href":"https:\/\/api.w.org\/{rel}","templated":true}]}}